{"id":25,"date":"2022-12-28T21:16:42","date_gmt":"2022-12-28T18:16:42","guid":{"rendered":"http:\/\/themes.muffingroup.com\/be\/medic\/?page_id=25"},"modified":"2022-12-29T11:21:05","modified_gmt":"2022-12-29T08:21:05","slug":"contact","status":"publish","type":"page","link":"http:\/\/cekatek.com\/index.php\/contact\/","title":{"rendered":"\u0130LET\u0130\u015e\u0130M"},"content":{"rendered":"","protected":false},"excerpt":{"rendered":"","protected":false},"author":1,"featured_media":0,"parent":0,"menu_order":0,"comment_status":"open","ping_status":"open","template":"","meta":[],"_links":{"self":[{"href":"http:\/\/cekatek.com\/index.php\/wp-json\/wp\/v2\/pages\/25"}],"collection":[{"href":"http:\/\/cekatek.com\/index.php\/wp-json\/wp\/v2\/pages"}],"about":[{"href":"http:\/\/cekatek.com\/index.php\/wp-json\/wp\/v2\/types\/page"}],"author":[{"embeddable":true,"href":"http:\/\/cekatek.com\/index.php\/wp-json\/wp\/v2\/users\/1"}],"replies":[{"embeddable":true,"href":"http:\/\/cekatek.com\/index.php\/wp-json\/wp\/v2\/comments?post=25"}],"version-history":[{"count":3,"href":"http:\/\/cekatek.com\/index.php\/wp-json\/wp\/v2\/pages\/25\/revisions"}],"predecessor-version":[{"id":280,"href":"http:\/\/cekatek.com\/index.php\/wp-json\/wp\/v2\/pages\/25\/revisions\/280"}],"wp:attachment":[{"href":"http:\/\/cekatek.com\/index.php\/wp-json\/wp\/v2\/media?parent=25"}],"curies":[{"name":"wp","href":"https:\/\/api.w.org\/{rel}","templated":true}]}}