{"id":158,"date":"2016-06-20T18:00:33","date_gmt":"2016-06-20T15:00:33","guid":{"rendered":"http:\/\/cekatek.com\/?page_id=158"},"modified":"2019-03-25T15:10:20","modified_gmt":"2019-03-25T12:10:20","slug":"urunler-tedarik","status":"publish","type":"page","link":"http:\/\/cekatek.com\/index.php\/urunler-tedarik\/","title":{"rendered":"\u00dcR\u00dcNLER TEDAR\u0130K"},"content":{"rendered":"","protected":false},"excerpt":{"rendered":"","protected":false},"author":1,"featured_media":0,"parent":0,"menu_order":0,"comment_status":"closed","ping_status":"closed","template":"","meta":[],"_links":{"self":[{"href":"http:\/\/cekatek.com\/index.php\/wp-json\/wp\/v2\/pages\/158"}],"collection":[{"href":"http:\/\/cekatek.com\/index.php\/wp-json\/wp\/v2\/pages"}],"about":[{"href":"http:\/\/cekatek.com\/index.php\/wp-json\/wp\/v2\/types\/page"}],"author":[{"embeddable":true,"href":"http:\/\/cekatek.com\/index.php\/wp-json\/wp\/v2\/users\/1"}],"replies":[{"embeddable":true,"href":"http:\/\/cekatek.com\/index.php\/wp-json\/wp\/v2\/comments?post=158"}],"version-history":[{"count":1,"href":"http:\/\/cekatek.com\/index.php\/wp-json\/wp\/v2\/pages\/158\/revisions"}],"predecessor-version":[{"id":159,"href":"http:\/\/cekatek.com\/index.php\/wp-json\/wp\/v2\/pages\/158\/revisions\/159"}],"wp:attachment":[{"href":"http:\/\/cekatek.com\/index.php\/wp-json\/wp\/v2\/media?parent=158"}],"curies":[{"name":"wp","href":"https:\/\/api.w.org\/{rel}","templated":true}]}}